{"id":1607,"date":"2022-04-22T20:24:32","date_gmt":"2022-04-23T00:24:32","guid":{"rendered":"https:\/\/chapella.us.tempcloudsite.com\/contactez-nous\/"},"modified":"2022-06-08T07:48:00","modified_gmt":"2022-06-08T11:48:00","slug":"contactez-nous","status":"publish","type":"page","link":"https:\/\/chapellanesthesia.ca\/fr\/contactez-nous\/","title":{"rendered":"Contactez-nous"},"content":{"rendered":"\n<div class=\"responsive-block-editor-addons-block-section-outer-wrap block-9ce11569-d737-40ee-a396-18bc3469e073 background-type-image alignfull\"><section class=\"responsive-section-wrap responsive-block-editor-addons-block-section overlay-type-color linear\"><div class=\"responsive-section-inner-wrap\">\n<div style=\"height:25px\" aria-hidden=\"true\" class=\"wp-block-spacer eplus-wrapper\"><\/div>\n\n\n\n<div class=\"responsive-block-editor-addons-block-advanced-heading block-1377f237-9adc-4a88-96b3-474227e33d3b\"><h2 class=\"responsive-heading-title-text\">Contactez&nbsp;\u200b<\/h2><\/div>\n\n\n\n<div class=\"responsive-block-editor-addons-block-advanced-heading block-15c8c0b5-1843-4a3c-b06d-b5a93ac72f64\"><h2 class=\"responsive-heading-title-text\">Nous \u00e9coutons nos clients !<\/h2><\/div>\n\n\n\n<div style=\"height:25px\" aria-hidden=\"true\" class=\"wp-block-spacer eplus-wrapper\"><\/div>\n<\/div><\/section><\/div>\n<div class=\"chapel-contact-header wp-block-group alignfull eplus-wrapper eplus-styles-uid-0db8f8\"><div class=\"wp-block-group__inner-container is-layout-flow wp-block-group-is-layout-flow\"><div style=\"height:20px\" aria-hidden=\"true\" class=\"wp-block-spacer eplus-wrapper eplus-styles-uid-d641e1\"><\/div>\n\n<div class=\"wp-block-columns eplus-wrapper is-layout-flex wp-container-core-columns-is-layout-28f84493 wp-block-columns-is-layout-flex eplus-styles-uid-cce112\"><div class=\"wp-block-column eplus-wrapper is-layout-flow wp-block-column-is-layout-flow eplus-styles-uid-308923\" style=\"flex-basis:50%\">\n<div class=\"responsive-block-editor-addons-block-advanced-heading block-9cd0a8ef-1c8b-4e55-9ff3-8fda59e2913b\"><h2 class=\"responsive-heading-title-text\">Pour plus d&rsquo;informations&#8230;<\/h2><\/div>\n\n\n\n<figure class=\"wp-block-image size-medium eplus-wrapper\"><img loading=\"lazy\" decoding=\"async\" width=\"300\" height=\"300\" src=\"https:\/\/chapella.us.tempcloudsite.com\/wp-content\/uploads\/2022\/05\/CARES-500x500-2-300x300.png\" alt=\"\" class=\"wp-image-1088\" srcset=\"https:\/\/chapellanesthesia.ca\/wp-content\/uploads\/2022\/05\/CARES-500x500-2-300x300.png 300w, https:\/\/chapellanesthesia.ca\/wp-content\/uploads\/2022\/05\/CARES-500x500-2-150x150.png 150w, https:\/\/chapellanesthesia.ca\/wp-content\/uploads\/2022\/05\/CARES-500x500-2.png 500w\" sizes=\"auto, (max-width: 300px) 100vw, 300px\" \/><\/figure>\n\n\n\n<div class=\"responsive-block-editor-addons-block-advanced-heading block-372e1879-e700-49e8-8b63-3e2ba136ee30\"><h2 class=\"responsive-heading-title-text\">Cellulaire 514-825-3863 | Bureau 613-632-4363<\/h2><p class=\"responsive-heading-desc-text\">Pierre LaChapelle<br>pierre@chapellanesthesia.com<br><br>Service de r\u00e9paration et d&rsquo;\u00e9quipement d&rsquo;anesth\u00e9sie de Chapell (C.A.R.E.S.) Hawkesbury, ON K6A 2R2 Canada<\/p><\/div>\n\n\n\n<p class=\" eplus-wrapper\"><\/p>\n<\/div>\n\n<div class=\"wp-block-column eplus-wrapper is-layout-flow wp-block-column-is-layout-flow eplus-styles-uid-ced452\" style=\"flex-basis:50%\">\n<div class=\"responsive-block-editor-addons-block-advanced-heading block-9b15d2cb-3cde-4598-9035-db13ae0b109a\"><h2 class=\"responsive-heading-title-text\">Veuillez remplir le formulaire ci-dessous pour nous envoyer un message.<\/h2><p class=\"responsive-heading-desc-text\"><\/p><\/div>\n\n\n\n<div class=\"wp-block-contact-form-7-contact-form-selector\">\n<div class=\"wpcf7 no-js\" id=\"wpcf7-f1697-o1\" lang=\"fr-FR\" dir=\"ltr\" data-wpcf7-id=\"1697\">\n<div class=\"screen-reader-response\"><p role=\"status\" aria-live=\"polite\" aria-atomic=\"true\"><\/p> <ul><\/ul><\/div>\n<form action=\"\/fr\/wp-json\/wp\/v2\/pages\/1607#wpcf7-f1697-o1\" method=\"post\" class=\"wpcf7-form init\" aria-label=\"Formulaire de contact\" novalidate=\"novalidate\" data-status=\"init\">\n<fieldset class=\"hidden-fields-container\"><input type=\"hidden\" name=\"_wpcf7\" value=\"1697\" \/><input type=\"hidden\" name=\"_wpcf7_version\" value=\"6.1.4\" \/><input type=\"hidden\" name=\"_wpcf7_locale\" value=\"fr_FR\" \/><input type=\"hidden\" name=\"_wpcf7_unit_tag\" value=\"wpcf7-f1697-o1\" \/><input type=\"hidden\" name=\"_wpcf7_container_post\" value=\"0\" \/><input type=\"hidden\" name=\"_wpcf7_posted_data_hash\" value=\"\" \/><input type=\"hidden\" name=\"_wpcf7_recaptcha_response\" value=\"\" \/>\n<\/fieldset>\n<p><label> Votre nom<br \/>\n<span class=\"wpcf7-form-control-wrap\" data-name=\"your-name\"><input size=\"40\" maxlength=\"400\" class=\"wpcf7-form-control wpcf7-text wpcf7-validates-as-required\" aria-required=\"true\" aria-invalid=\"false\" value=\"\" type=\"text\" name=\"your-name\" \/><\/span> <\/label>\n<\/p>\n<p><label> Votre courriel<br \/>\n<span class=\"wpcf7-form-control-wrap\" data-name=\"your-email\"><input size=\"40\" maxlength=\"400\" class=\"wpcf7-form-control wpcf7-email wpcf7-validates-as-required wpcf7-text wpcf7-validates-as-email\" aria-required=\"true\" aria-invalid=\"false\" value=\"\" type=\"email\" name=\"your-email\" \/><\/span> <\/label>\n<\/p>\n<p><label> Sujet<br \/>\n<span class=\"wpcf7-form-control-wrap\" data-name=\"your-subject\"><input size=\"40\" maxlength=\"400\" class=\"wpcf7-form-control wpcf7-text wpcf7-validates-as-required\" aria-required=\"true\" aria-invalid=\"false\" value=\"\" type=\"text\" name=\"your-subject\" \/><\/span> <\/label>\n<\/p>\n<p><label> Votre message<br \/>\n<span class=\"wpcf7-form-control-wrap\" data-name=\"your-message\"><textarea cols=\"40\" rows=\"10\" maxlength=\"2000\" class=\"wpcf7-form-control wpcf7-textarea\" aria-invalid=\"false\" name=\"your-message\"><\/textarea><\/span> <\/label>\n<\/p>\n<p><span id=\"wpcf7-69ef36f226a80-wrapper\" class=\"wpcf7-form-control-wrap second-email-wrap\" style=\"display:none !important; visibility:hidden !important;\"><label for=\"wpcf7-69ef36f226a80-field\" class=\"hp-message\">Veuillez laisser ce champ vide.<\/label><input id=\"wpcf7-69ef36f226a80-field\"  class=\"wpcf7-form-control wpcf7-text\" type=\"text\" name=\"second-email\" value=\"\" size=\"40\" tabindex=\"-1\" autocomplete=\"new-password\" \/><\/span><br \/>\n<span id=\"wpcf7-69ef36f226b2d-wrapper\" class=\"wpcf7-form-control-wrap second-name-wrap\" style=\"display:none !important; visibility:hidden !important;\"><label for=\"wpcf7-69ef36f226b2d-field\" class=\"hp-message\">Veuillez laisser ce champ vide.<\/label><input id=\"wpcf7-69ef36f226b2d-field\"  class=\"wpcf7-form-control wpcf7-text\" type=\"text\" name=\"second-name\" value=\"\" size=\"40\" tabindex=\"-1\" autocomplete=\"new-password\" \/><\/span>\n<\/p>\n<p><input class=\"wpcf7-form-control wpcf7-submit has-spinner\" type=\"submit\" value=\"Envoyer\" \/>\n<\/p><div class=\"wpcf7-response-output\" aria-hidden=\"true\"><\/div>\n<\/form>\n<\/div>\n<\/div>\n<\/div><\/div>\n\n<div style=\"height:20px\" aria-hidden=\"true\" class=\"wp-block-spacer eplus-wrapper eplus-styles-uid-d641e1\"><\/div><\/div><\/div><div class=\"ep-custom-column beyink-footer-columns wp-block-columns alignfull has-background eplus-wrapper is-layout-flex wp-container-core-columns-is-layout-28f84493 wp-block-columns-is-layout-flex eplus-styles-uid-ef7b1d\" style=\"background-color:#65256d\"><div class=\"wp-block-column is-vertically-aligned-top eplus-wrapper is-layout-flow wp-block-column-is-layout-flow eplus-styles-uid-c24a06\" style=\"flex-basis:40%\"><figure class=\"is-style-default wp-block-image size-full is-resized eplus-wrapper eplus-styles-uid-a048a2\"><img loading=\"lazy\" decoding=\"async\" width=\"500\" height=\"500\" src=\"https:\/\/chapella.us.tempcloudsite.com\/wp-content\/uploads\/2022\/05\/CARES-500x500-white.png\" alt=\"\" class=\"wp-image-1102\" style=\"width:275px;height:275px\" srcset=\"https:\/\/chapellanesthesia.ca\/wp-content\/uploads\/2022\/05\/CARES-500x500-white.png 500w, https:\/\/chapellanesthesia.ca\/wp-content\/uploads\/2022\/05\/CARES-500x500-white-300x300.png 300w, https:\/\/chapellanesthesia.ca\/wp-content\/uploads\/2022\/05\/CARES-500x500-white-150x150.png 150w\" sizes=\"auto, (max-width: 500px) 100vw, 500px\" \/><\/figure><\/div>\n\n<div class=\"wp-block-column is-vertically-aligned-top eplus-wrapper is-layout-flow wp-block-column-is-layout-flow eplus-styles-uid-7015f8\" style=\"flex-basis:30%\">\n<div class=\"wp-block-group eplus-wrapper\"><div class=\"wp-block-group__inner-container is-layout-constrained wp-block-group-is-layout-constrained\"><h2 class=\" wp-block-heading has-white-color has-text-color eplus-wrapper eplus-styles-uid-91142d\" style=\"margin-top:0px;margin-bottom:0px;font-size:0px\">C.A.R.E.S.<\/h2>\n\n<p class=\" has-white-color has-text-color eplus-wrapper eplus-styles-uid-1eb5dc\" style=\"margin-top:0px;margin-bottom:0px\">Chapell Anesthesia Repair &amp; Equipment Service<\/p>\n\n<p class=\" has-white-color has-text-color eplus-wrapper eplus-styles-uid-0398de\" style=\"margin-top:0px;margin-bottom:0px\">Hawkesbury, Ontario<\/p>\n\n<hr class=\" wp-block-separator has-alpha-channel-opacity eplus-wrapper eplus-styles-uid-83155b\" style=\"margin-top:0px;margin-bottom:10px\"><\/div><\/div>\n\n\n<nav style=\"font-style:normal;font-weight:600;text-transform:uppercase;\" class=\"has-text-color has-white-color has-normal-font-size is-responsive  is-vertical wp-block-navigation is-layout-flex wp-container-core-navigation-is-layout-5f9f5280 wp-block-navigation-is-layout-flex\" aria-label=\"Main Menu - French\" data-wp-interactive=\"core\/navigation\" data-wp-context='{\"overlayOpenedBy\":{\"click\":false,\"hover\":false,\"focus\":false},\"type\":\"overlay\",\"roleAttribute\":\"\",\"ariaLabel\":\"Menu\"}'><button aria-haspopup=\"dialog\" aria-label=\"Ouvrir le menu\" class=\"wp-block-navigation__responsive-container-open\" data-wp-on--click=\"actions.openMenuOnClick\" data-wp-on--keydown=\"actions.handleMenuKeydown\"><svg width=\"24\" height=\"24\" xmlns=\"http:\/\/www.w3.org\/2000\/svg\" viewbox=\"0 0 24 24\" aria-hidden=\"true\" focusable=\"false\"><path d=\"M4 7.5h16v1.5H4z\"><\/path><path d=\"M4 15h16v1.5H4z\"><\/path><\/svg><\/button>\n\t\t\t\t<div class=\"wp-block-navigation__responsive-container\" id=\"modal-1\" data-wp-class--has-modal-open=\"state.isMenuOpen\" data-wp-class--is-menu-open=\"state.isMenuOpen\" data-wp-watch=\"callbacks.initMenu\" data-wp-on--keydown=\"actions.handleMenuKeydown\" data-wp-on--focusout=\"actions.handleMenuFocusout\" tabindex=\"-1\">\n\t\t\t\t\t<div class=\"wp-block-navigation__responsive-close\" tabindex=\"-1\">\n\t\t\t\t\t\t<div class=\"wp-block-navigation__responsive-dialog\" data-wp-bind--aria-modal=\"state.ariaModal\" data-wp-bind--aria-label=\"state.ariaLabel\" data-wp-bind--role=\"state.roleAttribute\">\n\t\t\t\t\t\t\t<button aria-label=\"Fermer le menu\" class=\"wp-block-navigation__responsive-container-close\" data-wp-on--click=\"actions.closeMenuOnClick\"><svg xmlns=\"http:\/\/www.w3.org\/2000\/svg\" viewbox=\"0 0 24 24\" width=\"24\" height=\"24\" aria-hidden=\"true\" focusable=\"false\"><path d=\"m13.06 12 6.47-6.47-1.06-1.06L12 10.94 5.53 4.47 4.47 5.53 10.94 12l-6.47 6.47 1.06 1.06L12 13.06l6.47 6.47 1.06-1.06L13.06 12Z\"><\/path><\/svg><\/button>\n\t\t\t\t\t\t\t<div class=\"wp-block-navigation__responsive-container-content\" data-wp-watch=\"callbacks.focusFirstElement\" id=\"modal-1-content\">\n\t\t\t\t\t\t\t\t<ul style=\"font-style:normal;font-weight:600;text-transform:uppercase;\" class=\"wp-block-navigation__container has-text-color has-white-color has-normal-font-size is-responsive  is-vertical wp-block-navigation has-normal-font-size\"><li class=\"has-normal-font-size wp-block-navigation-item wp-block-navigation-link\"><a class=\"wp-block-navigation-item__content\" href=\"https:\/\/chapellanesthesia.ca\/fr\/\"><span class=\"wp-block-navigation-item__label\">ACCUEIL<\/span><\/a><\/li><li class=\"has-normal-font-size wp-block-navigation-item wp-block-navigation-link\"><a class=\"wp-block-navigation-item__content\" href=\"https:\/\/chapellanesthesia.ca\/fr\/service\/\"><span class=\"wp-block-navigation-item__label\">SERVICE<\/span><\/a><\/li><li class=\"has-normal-font-size wp-block-navigation-item wp-block-navigation-link\"><a class=\"wp-block-navigation-item__content\" href=\"https:\/\/chapellanesthesia.ca\/fr\/produits\/\"><span class=\"wp-block-navigation-item__label\">Produits<\/span><\/a><\/li><li class=\"has-normal-font-size wp-block-navigation-item wp-block-navigation-link\"><a class=\"wp-block-navigation-item__content\" href=\"https:\/\/chapellanesthesia.ca\/fr\/contactez-nous\/\"><span class=\"wp-block-navigation-item__label\">CONTACTEZ-NOUS<\/span><\/a><\/li><li class=\"has-normal-font-size wp-block-navigation-item wp-block-navigation-link\"><a class=\"wp-block-navigation-item__content\" href=\"https:\/\/chapellanesthesia.ca\/fr\/nouvelles\/\"><span class=\"wp-block-navigation-item__label\">NOUVELLES<\/span><\/a><\/li><\/ul>\n\t\t\t\t\t\t\t<\/div>\n\t\t\t\t\t\t<\/div>\n\t\t\t\t\t<\/div>\n\t\t\t\t<\/div><\/nav><\/div>\n\n<div class=\"wp-block-column is-vertically-aligned-top eplus-wrapper is-layout-flow wp-block-column-is-layout-flow eplus-styles-uid-34e900\" style=\"flex-basis:30%\"><h2 class=\" wp-block-heading has-white-color has-text-color eplus-wrapper eplus-styles-uid-0eab1b\">Contactez-nous<\/h2>\n\n<div class=\"wp-block-group eplus-wrapper eplus-styles-uid-83155b\"><div class=\"wp-block-group__inner-container is-layout-constrained wp-block-group-is-layout-constrained\"><p class=\" has-white-color has-text-color eplus-wrapper eplus-styles-uid-83155b\">Pierre LaChapelle<\/p>\n\n<p class=\"beyink-footer-tel has-white-color has-text-color eplus-wrapper eplus-styles-uid-fb5b07\"><span enabled=\"\" data-style=\"{\" style=\"border-radius:0px;\" class=\"eplus-icon eplusicon-mobile\"><\/span> <a href=\"tel:6136764357\">514-825-3863<\/a> | <span enabled=\"\" data-style=\"{\" style=\"border-radius:0px;\" class=\"eplus-icon eplusicon-phone\"><\/span> <a href=\"tel:6136324363\">613-632-4363<\/a><\/p><\/div><\/div>\n\n<div class=\"wp-block-group eplus-wrapper is-nowrap is-layout-flex wp-container-core-group-is-layout-f66f9956 wp-block-group-is-layout-flex eplus-styles-uid-657d76\"><h2 class=\" wp-block-heading has-medium-font-size eplus-wrapper eplus-styles-uid-8d3915\"><span data-style=\"{\" enabled=\"\" style=\"color:rgb(238, 238, 238);border-radius:0px;\" class=\"eplus-icon eplusicon-envelope-o\"><\/span> <\/h2>\n\n\n<a style=\"color:white;text-decoration:underline\" href=\"mailto:pier%72e%40chap%65llan%65%73thesia%2E%63o%6D\">pierre@chapellanesthesia.com<\/a>\n<\/div>\n\n\n<div class=\"wp-block-group eplus-wrapper is-nowrap is-layout-flex wp-container-core-group-is-layout-6c531013 wp-block-group-is-layout-flex\"><h4 class=\" wp-block-heading has-white-color has-text-color eplus-wrapper eplus-styles-uid-8f229c\">Suivez-nous<\/h4>\n\n\n<ul class=\"is-style-logos-only wp-block-social-links has-large-icon-size has-icon-color eplus-wrapper is-content-justification-left is-layout-flex wp-container-core-social-links-is-layout-fc4fd283 wp-block-social-links-is-layout-flex\"><li style=\"color:#ffffff;\" class=\"wp-social-link wp-social-link-facebook has-white-color wp-block-social-link\"><a rel=\"noopener nofollow\" target=\"_blank\" href=\"https:\/\/www.facebook.com\/people\/Chapell-Anesthesia-Repair-Equipment-Service\/100054265399934\/\" class=\"wp-block-social-link-anchor\"><svg width=\"24\" height=\"24\" viewbox=\"0 0 24 24\" version=\"1.1\" xmlns=\"http:\/\/www.w3.org\/2000\/svg\" aria-hidden=\"true\" focusable=\"false\"><path d=\"M12 2C6.5 2 2 6.5 2 12c0 5 3.7 9.1 8.4 9.9v-7H7.9V12h2.5V9.8c0-2.5 1.5-3.9 3.8-3.9 1.1 0 2.2.2 2.2.2v2.5h-1.3c-1.2 0-1.6.8-1.6 1.6V12h2.8l-.4 2.9h-2.3v7C18.3 21.1 22 17 22 12c0-5.5-4.5-10-10-10z\"><\/path><\/svg><span class=\"wp-block-social-link-label screen-reader-text\">Facebook<\/span><\/a><\/li><\/ul>\n<\/div>\n<\/div><\/div>\n\n<div class=\"wp-block-group alignfull eplus-wrapper eplus-styles-uid-8721f6\"><div class=\"wp-block-group__inner-container is-layout-flow wp-block-group-is-layout-flow\"><p class=\"beyink-footer-link has-text-align-center has-white-color has-text-color has-normal-font-size eplus-wrapper eplus-styles-uid-c084f4\">C.A.R.E.S Copyright 2022 | Designed by <a rel=\"noreferrer noopener\" href=\"https:\/\/beyondink.ca\" target=\"_blank\">BeyondINK.ca<\/a><\/p><\/div><\/div>","protected":false},"excerpt":{"rendered":"","protected":false},"author":1,"featured_media":0,"parent":0,"menu_order":0,"comment_status":"closed","ping_status":"closed","template":"","meta":{"_uag_custom_page_level_css":"","editor_plus_copied_stylings":"{}","footnotes":""},"class_list":["post-1607","page","type-page","status-publish","hentry"],"yoast_head":"<!-- This site is optimized with the Yoast SEO plugin v26.5 - https:\/\/yoast.com\/wordpress\/plugins\/seo\/ -->\n<title>Contactez-nous - C.A.R.E.S.<\/title>\n<meta name=\"robots\" content=\"index, follow, max-snippet:-1, max-image-preview:large, max-video-preview:-1\" \/>\n<link rel=\"canonical\" href=\"https:\/\/chapellanesthesia.ca\/fr\/contactez-nous\/\" \/>\n<meta property=\"og:locale\" content=\"fr_FR\" \/>\n<meta property=\"og:type\" content=\"article\" \/>\n<meta property=\"og:title\" content=\"Contactez-nous - C.A.R.E.S.\" \/>\n<meta property=\"og:url\" content=\"https:\/\/chapellanesthesia.ca\/fr\/contactez-nous\/\" \/>\n<meta property=\"og:site_name\" content=\"C.A.R.E.S.\" \/>\n<meta property=\"article:publisher\" content=\"https:\/\/www.facebook.com\/people\/Chapell-Anesthesia-Repair-Equipment-Service\/100054265399934\/\" \/>\n<meta property=\"article:modified_time\" content=\"2022-06-08T11:48:00+00:00\" \/>\n<meta property=\"og:image\" content=\"https:\/\/chapella.us.tempcloudsite.com\/wp-content\/uploads\/2022\/05\/CARES-500x500-2-300x300.png\" \/>\n<meta name=\"twitter:card\" content=\"summary_large_image\" \/>\n<meta name=\"twitter:label1\" content=\"Dur\u00e9e de lecture estim\u00e9e\" \/>\n\t<meta name=\"twitter:data1\" content=\"1 minute\" \/>\n<script type=\"application\/ld+json\" class=\"yoast-schema-graph\">{\"@context\":\"https:\/\/schema.org\",\"@graph\":[{\"@type\":\"WebPage\",\"@id\":\"https:\/\/chapellanesthesia.ca\/fr\/contactez-nous\/\",\"url\":\"https:\/\/chapellanesthesia.ca\/fr\/contactez-nous\/\",\"name\":\"Contactez-nous - C.A.R.E.S.\",\"isPartOf\":{\"@id\":\"https:\/\/chapellanesthesia.ca\/fr\/#website\"},\"primaryImageOfPage\":{\"@id\":\"https:\/\/chapellanesthesia.ca\/fr\/contactez-nous\/#primaryimage\"},\"image\":{\"@id\":\"https:\/\/chapellanesthesia.ca\/fr\/contactez-nous\/#primaryimage\"},\"thumbnailUrl\":\"https:\/\/chapella.us.tempcloudsite.com\/wp-content\/uploads\/2022\/05\/CARES-500x500-2-300x300.png\",\"datePublished\":\"2022-04-23T00:24:32+00:00\",\"dateModified\":\"2022-06-08T11:48:00+00:00\",\"breadcrumb\":{\"@id\":\"https:\/\/chapellanesthesia.ca\/fr\/contactez-nous\/#breadcrumb\"},\"inLanguage\":\"fr-FR\",\"potentialAction\":[{\"@type\":\"ReadAction\",\"target\":[\"https:\/\/chapellanesthesia.ca\/fr\/contactez-nous\/\"]}]},{\"@type\":\"ImageObject\",\"inLanguage\":\"fr-FR\",\"@id\":\"https:\/\/chapellanesthesia.ca\/fr\/contactez-nous\/#primaryimage\",\"url\":\"https:\/\/chapella.us.tempcloudsite.com\/wp-content\/uploads\/2022\/05\/CARES-500x500-2-300x300.png\",\"contentUrl\":\"https:\/\/chapella.us.tempcloudsite.com\/wp-content\/uploads\/2022\/05\/CARES-500x500-2-300x300.png\"},{\"@type\":\"BreadcrumbList\",\"@id\":\"https:\/\/chapellanesthesia.ca\/fr\/contactez-nous\/#breadcrumb\",\"itemListElement\":[{\"@type\":\"ListItem\",\"position\":1,\"name\":\"Home\",\"item\":\"https:\/\/chapellanesthesia.ca\/fr\/\"},{\"@type\":\"ListItem\",\"position\":2,\"name\":\"Contactez-nous\"}]},{\"@type\":\"WebSite\",\"@id\":\"https:\/\/chapellanesthesia.ca\/fr\/#website\",\"url\":\"https:\/\/chapellanesthesia.ca\/fr\/\",\"name\":\"C.A.R.E.S.\",\"description\":\"Chapell Anesthesia Repair &amp; Equipment Service\",\"publisher\":{\"@id\":\"https:\/\/chapellanesthesia.ca\/fr\/#organization\"},\"potentialAction\":[{\"@type\":\"SearchAction\",\"target\":{\"@type\":\"EntryPoint\",\"urlTemplate\":\"https:\/\/chapellanesthesia.ca\/fr\/?s={search_term_string}\"},\"query-input\":{\"@type\":\"PropertyValueSpecification\",\"valueRequired\":true,\"valueName\":\"search_term_string\"}}],\"inLanguage\":\"fr-FR\"},{\"@type\":\"Organization\",\"@id\":\"https:\/\/chapellanesthesia.ca\/fr\/#organization\",\"name\":\"C.A.R.E.S\",\"url\":\"https:\/\/chapellanesthesia.ca\/fr\/\",\"logo\":{\"@type\":\"ImageObject\",\"inLanguage\":\"fr-FR\",\"@id\":\"https:\/\/chapellanesthesia.ca\/fr\/#\/schema\/logo\/image\/\",\"url\":\"https:\/\/chapella.us.tempcloudsite.com\/wp-content\/uploads\/2022\/05\/CARES-500x500-2.png\",\"contentUrl\":\"https:\/\/chapella.us.tempcloudsite.com\/wp-content\/uploads\/2022\/05\/CARES-500x500-2.png\",\"width\":500,\"height\":500,\"caption\":\"C.A.R.E.S\"},\"image\":{\"@id\":\"https:\/\/chapellanesthesia.ca\/fr\/#\/schema\/logo\/image\/\"},\"sameAs\":[\"https:\/\/www.facebook.com\/people\/Chapell-Anesthesia-Repair-Equipment-Service\/100054265399934\/\"]}]}<\/script>\n<!-- \/ Yoast SEO plugin. -->","yoast_head_json":{"title":"Contactez-nous - C.A.R.E.S.","robots":{"index":"index","follow":"follow","max-snippet":"max-snippet:-1","max-image-preview":"max-image-preview:large","max-video-preview":"max-video-preview:-1"},"canonical":"https:\/\/chapellanesthesia.ca\/fr\/contactez-nous\/","og_locale":"fr_FR","og_type":"article","og_title":"Contactez-nous - C.A.R.E.S.","og_url":"https:\/\/chapellanesthesia.ca\/fr\/contactez-nous\/","og_site_name":"C.A.R.E.S.","article_publisher":"https:\/\/www.facebook.com\/people\/Chapell-Anesthesia-Repair-Equipment-Service\/100054265399934\/","article_modified_time":"2022-06-08T11:48:00+00:00","og_image":[{"url":"https:\/\/chapella.us.tempcloudsite.com\/wp-content\/uploads\/2022\/05\/CARES-500x500-2-300x300.png","type":"","width":"","height":""}],"twitter_card":"summary_large_image","twitter_misc":{"Dur\u00e9e de lecture estim\u00e9e":"1 minute"},"schema":{"@context":"https:\/\/schema.org","@graph":[{"@type":"WebPage","@id":"https:\/\/chapellanesthesia.ca\/fr\/contactez-nous\/","url":"https:\/\/chapellanesthesia.ca\/fr\/contactez-nous\/","name":"Contactez-nous - C.A.R.E.S.","isPartOf":{"@id":"https:\/\/chapellanesthesia.ca\/fr\/#website"},"primaryImageOfPage":{"@id":"https:\/\/chapellanesthesia.ca\/fr\/contactez-nous\/#primaryimage"},"image":{"@id":"https:\/\/chapellanesthesia.ca\/fr\/contactez-nous\/#primaryimage"},"thumbnailUrl":"https:\/\/chapella.us.tempcloudsite.com\/wp-content\/uploads\/2022\/05\/CARES-500x500-2-300x300.png","datePublished":"2022-04-23T00:24:32+00:00","dateModified":"2022-06-08T11:48:00+00:00","breadcrumb":{"@id":"https:\/\/chapellanesthesia.ca\/fr\/contactez-nous\/#breadcrumb"},"inLanguage":"fr-FR","potentialAction":[{"@type":"ReadAction","target":["https:\/\/chapellanesthesia.ca\/fr\/contactez-nous\/"]}]},{"@type":"ImageObject","inLanguage":"fr-FR","@id":"https:\/\/chapellanesthesia.ca\/fr\/contactez-nous\/#primaryimage","url":"https:\/\/chapella.us.tempcloudsite.com\/wp-content\/uploads\/2022\/05\/CARES-500x500-2-300x300.png","contentUrl":"https:\/\/chapella.us.tempcloudsite.com\/wp-content\/uploads\/2022\/05\/CARES-500x500-2-300x300.png"},{"@type":"BreadcrumbList","@id":"https:\/\/chapellanesthesia.ca\/fr\/contactez-nous\/#breadcrumb","itemListElement":[{"@type":"ListItem","position":1,"name":"Home","item":"https:\/\/chapellanesthesia.ca\/fr\/"},{"@type":"ListItem","position":2,"name":"Contactez-nous"}]},{"@type":"WebSite","@id":"https:\/\/chapellanesthesia.ca\/fr\/#website","url":"https:\/\/chapellanesthesia.ca\/fr\/","name":"C.A.R.E.S.","description":"Chapell Anesthesia Repair &amp; Equipment Service","publisher":{"@id":"https:\/\/chapellanesthesia.ca\/fr\/#organization"},"potentialAction":[{"@type":"SearchAction","target":{"@type":"EntryPoint","urlTemplate":"https:\/\/chapellanesthesia.ca\/fr\/?s={search_term_string}"},"query-input":{"@type":"PropertyValueSpecification","valueRequired":true,"valueName":"search_term_string"}}],"inLanguage":"fr-FR"},{"@type":"Organization","@id":"https:\/\/chapellanesthesia.ca\/fr\/#organization","name":"C.A.R.E.S","url":"https:\/\/chapellanesthesia.ca\/fr\/","logo":{"@type":"ImageObject","inLanguage":"fr-FR","@id":"https:\/\/chapellanesthesia.ca\/fr\/#\/schema\/logo\/image\/","url":"https:\/\/chapella.us.tempcloudsite.com\/wp-content\/uploads\/2022\/05\/CARES-500x500-2.png","contentUrl":"https:\/\/chapella.us.tempcloudsite.com\/wp-content\/uploads\/2022\/05\/CARES-500x500-2.png","width":500,"height":500,"caption":"C.A.R.E.S"},"image":{"@id":"https:\/\/chapellanesthesia.ca\/fr\/#\/schema\/logo\/image\/"},"sameAs":["https:\/\/www.facebook.com\/people\/Chapell-Anesthesia-Repair-Equipment-Service\/100054265399934\/"]}]}},"featured_image_src":"","featured_image_src_square":false,"rbea_author_info":{"display_name":"care_admin","author_link":"https:\/\/chapellanesthesia.ca\/fr\/author\/chapellares\/"},"rbea_excerpt_info":null,"uagb_featured_image_src":{"full":false,"thumbnail":false,"medium":false,"medium_large":false,"large":false,"1536x1536":false,"2048x2048":false},"uagb_author_info":{"display_name":"care_admin","author_link":"https:\/\/chapellanesthesia.ca\/fr\/author\/chapellares\/"},"uagb_comment_info":0,"uagb_excerpt":null,"_links":{"self":[{"href":"https:\/\/chapellanesthesia.ca\/fr\/wp-json\/wp\/v2\/pages\/1607","targetHints":{"allow":["GET"]}}],"collection":[{"href":"https:\/\/chapellanesthesia.ca\/fr\/wp-json\/wp\/v2\/pages"}],"about":[{"href":"https:\/\/chapellanesthesia.ca\/fr\/wp-json\/wp\/v2\/types\/page"}],"author":[{"embeddable":true,"href":"https:\/\/chapellanesthesia.ca\/fr\/wp-json\/wp\/v2\/users\/1"}],"replies":[{"embeddable":true,"href":"https:\/\/chapellanesthesia.ca\/fr\/wp-json\/wp\/v2\/comments?post=1607"}],"version-history":[{"count":16,"href":"https:\/\/chapellanesthesia.ca\/fr\/wp-json\/wp\/v2\/pages\/1607\/revisions"}],"predecessor-version":[{"id":1777,"href":"https:\/\/chapellanesthesia.ca\/fr\/wp-json\/wp\/v2\/pages\/1607\/revisions\/1777"}],"wp:attachment":[{"href":"https:\/\/chapellanesthesia.ca\/fr\/wp-json\/wp\/v2\/media?parent=1607"}],"curies":[{"name":"wp","href":"https:\/\/api.w.org\/{rel}","templated":true}]}}